{"id":611,"date":"2025-05-08T00:31:57","date_gmt":"2025-05-08T00:31:57","guid":{"rendered":"https:\/\/sweetfairyinspiration.com\/about-us\/"},"modified":"2025-08-31T13:18:35","modified_gmt":"2025-08-31T13:18:35","slug":"about-us","status":"publish","type":"page","link":"https:\/\/sweetfairyinspiration.com\/es\/about-us\/","title":{"rendered":"Acerca de nosotros"},"content":{"rendered":"<div class=\"wp-block-uagb-container uagb-block-520e2490 alignfull uagb-is-root-container\"><div class=\"uagb-container-inner-blocks-wrap\">\n<div class=\"wp-block-uagb-advanced-heading uagb-block-2017abad\"><h1 class=\"uagb-heading-text\">Acerca de nosotros<\/h1><\/div>\n<\/div><\/div>\n\n\n\n<div class=\"wp-block-uagb-container uagb-block-4cb98ea9 alignwide uagb-is-root-container\">\n<div class=\"wp-block-uagb-advanced-heading uagb-block-6e62113e\"><h2 class=\"uagb-heading-text\">Nuestra Compa\u00f1\u00eda<\/h2><p class=\"uagb-desc-text\">En cada detalle de nuestro trabajo vive un profundo amor por la naturaleza y por los momentos que realmente valen la pena. Creamos experiencias y piezas que no solo decoran, sino que cuentan historias, despiertan emociones y se convierten en recuerdos inolvidables.<\/p><\/div>\n\n\n\n<div class=\"wp-block-uagb-container uagb-block-5a13d703\">\n<div class=\"wp-block-uagb-advanced-heading uagb-block-60072a4a\"><p class=\"uagb-heading-text\">Nuestro prop\u00f3sito es ayudarte a celebrar la vida a trav\u00e9s de encuentros al aire libre llenos de magia, calidez y autenticidad. Ya sea un picnic especial o una pieza de arte con flores naturales, cada creaci\u00f3n est\u00e1 hecha con alma, intenci\u00f3n y significado.<\/p><\/div>\n\n\n\n<div class=\"wp-block-uagb-advanced-heading uagb-block-ae63a089\"><p class=\"uagb-heading-text\">Ofrecemos atenci\u00f3n personalizada para que cada cliente se sienta escuchado, comprendido y feliz con el resultado. Nos comprometemos a cumplir tus deseos al 100%, cuidando cada detalle para que tu experiencia sea \u00fanica, agradable y memorable.<\/p><\/div>\n<\/div>\n\n\n\n<div class=\"wp-block-uagb-advanced-heading uagb-block-3e004a8f\"><p class=\"uagb-heading-text\">Ya sea que vivas un momento especial o lleves una pieza a casa, te llevas m\u00e1s que algo bonito: te llevas esencia, historia y un pedacito de lo que somos.<\/p><\/div>\n<\/div>","protected":false},"excerpt":{"rendered":"<p>About Us Our Company A deep love for nature and for moments that truly matter lives in every detail of our work. We create experiences and pieces that not only decorate, but tell stories, awaken emotions, and become unforgettable memories. Our purpose is to help you celebrate life through outdoor encounters filled with magic, warmth, [&hellip;]<\/p>","protected":false},"author":1,"featured_media":0,"parent":0,"menu_order":0,"comment_status":"closed","ping_status":"closed","template":"","meta":{"_uag_custom_page_level_css":"","site-sidebar-layout":"default","site-content-layout":"plain-container","ast-site-content-layout":"normal-width-container","site-content-style":"unboxed","site-sidebar-style":"unboxed","ast-global-header-display":"","ast-banner-title-visibility":"","ast-main-header-display":"","ast-hfb-above-header-display":"","ast-hfb-below-header-display":"","ast-hfb-mobile-header-display":"","site-post-title":"disabled","ast-breadcrumbs-content":"","ast-featured-img":"","footer-sml-layout":"","theme-transparent-header-meta":"","adv-header-id-meta":"","stick-header-meta":"","header-above-stick-meta":"","header-main-stick-meta":"","header-below-stick-meta":"","astra-migrate-meta-layouts":"set","ast-page-background-enabled":"default","ast-page-background-meta":{"desktop":{"background-color":"","background-image":"","background-repeat":"repeat","background-position":"center center","background-size":"auto","background-attachment":"scroll","background-type":"","background-media":"","overlay-type":"","overlay-color":"","overlay-opacity":"","overlay-gradient":""},"tablet":{"background-color":"","background-image":"","background-repeat":"repeat","background-position":"center center","background-size":"auto","background-attachment":"scroll","background-type":"","background-media":"","overlay-type":"","overlay-color":"","overlay-opacity":"","overlay-gradient":""},"mobile":{"background-color":"","background-image":"","background-repeat":"repeat","background-position":"center center","background-size":"auto","background-attachment":"scroll","background-type":"","background-media":"","overlay-type":"","overlay-color":"","overlay-opacity":"","overlay-gradient":""}},"ast-content-background-meta":{"desktop":{"background-color":"var(--ast-global-color-5)","background-image":"","background-repeat":"repeat","background-position":"center center","background-size":"auto","background-attachment":"scroll","background-type":"","background-media":"","overlay-type":"","overlay-color":"","overlay-opacity":"","overlay-gradient":""},"tablet":{"background-color":"var(--ast-global-color-5)","background-image":"","background-repeat":"repeat","background-position":"center center","background-size":"auto","background-attachment":"scroll","background-type":"","background-media":"","overlay-type":"","overlay-color":"","overlay-opacity":"","overlay-gradient":""},"mobile":{"background-color":"var(--ast-global-color-5)","background-image":"","background-repeat":"repeat","background-position":"center center","background-size":"auto","background-attachment":"scroll","background-type":"","background-media":"","overlay-type":"","overlay-color":"","overlay-opacity":"","overlay-gradient":""}},"_glsr_average":0,"_glsr_ranking":0,"_glsr_reviews":0,"footnotes":""},"class_list":["post-611","page","type-page","status-publish","hentry"],"uagb_featured_image_src":{"full":false,"thumbnail":false,"medium":false,"medium_large":false,"large":false,"1536x1536":false,"2048x2048":false,"trp-custom-language-flag":false,"woocommerce_thumbnail":false,"woocommerce_single":false,"woocommerce_gallery_thumbnail":false},"uagb_author_info":{"display_name":"SweetFairyInspiration","author_link":"https:\/\/sweetfairyinspiration.com\/es\/author\/anabelzoila96gmail-com\/"},"uagb_comment_info":0,"uagb_excerpt":"About Us Our Company A deep love for nature and for moments that truly matter lives in every detail of our work. We create experiences and pieces that not only decorate, but tell stories, awaken emotions, and become unforgettable memories. Our purpose is to help you celebrate life through outdoor encounters filled with magic, warmth,&hellip;","jetpack_sharing_enabled":true,"_links":{"self":[{"href":"https:\/\/sweetfairyinspiration.com\/es\/wp-json\/wp\/v2\/pages\/611","targetHints":{"allow":["GET"]}}],"collection":[{"href":"https:\/\/sweetfairyinspiration.com\/es\/wp-json\/wp\/v2\/pages"}],"about":[{"href":"https:\/\/sweetfairyinspiration.com\/es\/wp-json\/wp\/v2\/types\/page"}],"author":[{"embeddable":true,"href":"https:\/\/sweetfairyinspiration.com\/es\/wp-json\/wp\/v2\/users\/1"}],"replies":[{"embeddable":true,"href":"https:\/\/sweetfairyinspiration.com\/es\/wp-json\/wp\/v2\/comments?post=611"}],"version-history":[{"count":4,"href":"https:\/\/sweetfairyinspiration.com\/es\/wp-json\/wp\/v2\/pages\/611\/revisions"}],"predecessor-version":[{"id":1430,"href":"https:\/\/sweetfairyinspiration.com\/es\/wp-json\/wp\/v2\/pages\/611\/revisions\/1430"}],"wp:attachment":[{"href":"https:\/\/sweetfairyinspiration.com\/es\/wp-json\/wp\/v2\/media?parent=611"}],"curies":[{"name":"wp","href":"https:\/\/api.w.org\/{rel}","templated":true}]}}